{"id":77766,"date":"2024-12-26T06:05:26","date_gmt":"2024-12-26T06:05:26","guid":{"rendered":"https:\/\/www.maslesvinyes.com\/?page_id=77766"},"modified":"2024-12-26T06:05:26","modified_gmt":"2024-12-26T06:05:26","slug":"farm-elements-and-systems","status":"publish","type":"page","link":"https:\/\/www.maslesvinyes.com\/en\/the-project\/farm-elements-and-systems\/","title":{"rendered":"Farm elements and systems"},"content":{"rendered":"<div class=\"wpb-content-wrapper\"><p>[vc_row][vc_column width=&#8221;1\/1&#8243;][vc_column_text]Us proposem un viatge virtual per con\u00e8ixer alguns dels elements i sistemes de la granja permacultural de Mas Les Vinyes. Podeu con\u00e8ixer algunes de les estrat\u00e8gies que utilitzem, com es relacionen i on es situen a la finca.[\/vc_column_text][uncode_index el_id=&#8221;index-327780&#8243; loop=&#8221;size:100|order_by:title|order:ASC|post_type:portfolio&#8221; auto_query=&#8221;yes&#8221; filtering=&#8221;yes&#8221; filtering_uppercase=&#8221;yes&#8221; gutter_size=&#8221;3&#8243; portfolio_items=&#8221;title,media|featured|onpost|original&#8221; screen_lg=&#8221;1000&#8243; screen_md=&#8221;600&#8243; screen_sm=&#8221;480&#8243; single_text=&#8221;overlay&#8221; single_overlay_opacity=&#8221;50&#8243; single_text_visible=&#8221;yes&#8221; single_overlay_visible=&#8221;yes&#8221; single_padding=&#8221;2&#8243; single_text_reduced=&#8221;yes&#8221; single_title_dimension=&#8221;h2&#8243; single_title_semantic=&#8221;h2&#8243; single_border=&#8221;yes&#8221; lbox_title=&#8221;yes&#8221; lbox_caption=&#8221;yes&#8221;][\/vc_column][\/vc_row]<\/p>\n<\/div>","protected":false},"excerpt":{"rendered":"<p>[vc_row][vc_column width=&#8221;1\/1&#8243;][vc_column_text]Us proposem un viatge virtual per con\u00e8ixer alguns dels elements i sistemes de la granja permacultural de Mas Les [&hellip;]<\/p>\n","protected":false},"author":1,"featured_media":73050,"parent":889,"menu_order":0,"comment_status":"closed","ping_status":"closed","template":"","meta":{"footnotes":""},"class_list":["post-77766","page","type-page","status-publish","has-post-thumbnail","hentry"],"_links":{"self":[{"href":"https:\/\/www.maslesvinyes.com\/en\/wp-json\/wp\/v2\/pages\/77766","targetHints":{"allow":["GET"]}}],"collection":[{"href":"https:\/\/www.maslesvinyes.com\/en\/wp-json\/wp\/v2\/pages"}],"about":[{"href":"https:\/\/www.maslesvinyes.com\/en\/wp-json\/wp\/v2\/types\/page"}],"author":[{"embeddable":true,"href":"https:\/\/www.maslesvinyes.com\/en\/wp-json\/wp\/v2\/users\/1"}],"replies":[{"embeddable":true,"href":"https:\/\/www.maslesvinyes.com\/en\/wp-json\/wp\/v2\/comments?post=77766"}],"version-history":[{"count":1,"href":"https:\/\/www.maslesvinyes.com\/en\/wp-json\/wp\/v2\/pages\/77766\/revisions"}],"predecessor-version":[{"id":77767,"href":"https:\/\/www.maslesvinyes.com\/en\/wp-json\/wp\/v2\/pages\/77766\/revisions\/77767"}],"up":[{"embeddable":true,"href":"https:\/\/www.maslesvinyes.com\/en\/wp-json\/wp\/v2\/pages\/889"}],"wp:featuredmedia":[{"embeddable":true,"href":"https:\/\/www.maslesvinyes.com\/en\/wp-json\/wp\/v2\/media\/73050"}],"wp:attachment":[{"href":"https:\/\/www.maslesvinyes.com\/en\/wp-json\/wp\/v2\/media?parent=77766"}],"curies":[{"name":"wp","href":"https:\/\/api.w.org\/{rel}","templated":true}]}}