{"id":76466,"date":"2023-03-19T18:22:25","date_gmt":"2023-03-19T18:22:25","guid":{"rendered":"https:\/\/www.maslesvinyes.com\/?page_id=76466"},"modified":"2023-03-19T18:36:42","modified_gmt":"2023-03-19T18:36:42","slug":"cursos-permacultura","status":"publish","type":"page","link":"https:\/\/www.maslesvinyes.com\/es\/cursos-permacultura\/","title":{"rendered":"Permacultura"},"content":{"rendered":"<div class=\"wpb-content-wrapper\"><p>[vc_row][vc_column][vc_column_text uncode_shortcode_id=\u00bb934845&#8243;]En el proyecto de Mas Les Vinyes ofrecemos formaciones regulares en permacultura y otras disciplinas. Estas formaciones est\u00e1n reconocidas con un t\u00edtulo internacional.<\/p>\n<p>Pots veure les properes formacions disponibles en aquest llistat:[\/vc_column_text][vc_column_text uncode_shortcode_id=\u00bb190460&#8243;]<div class=\"mec-wrap mec-skin-grid-container \" id=\"mec_skin_76473\">\r\n    \r\n        \r\n        <div class=\"mec-skin-grid-events-container\" id=\"mec_skin_events_76473\">\r\n        <div class=\"mec-wrap colorskin-custom\">\r\n    <div class=\"mec-event-grid-classic\">\r\n        <div class=\"row\"><div class=\"col-md-6 col-sm-6\"><article class=\"mec-event-article mec-clear\">                    <div class=\"mec-event-image\"><a href=\"https:\/\/www.maslesvinyes.com\/es\/events\/pdc-curso-de-permacultura-de-15-dias-de-junio-y-julio-con-todo-incluido\/\"><img decoding=\"async\" width=\"300\" height=\"300\" src=\"https:\/\/www.maslesvinyes.com\/wp-content\/uploads\/2025\/11\/PDC-2026-15-dies-CAS-300x300.jpg\" class=\"attachment-medium size-medium wp-post-image\" alt=\"\" data-mec-postid=\"79087\" srcset=\"https:\/\/www.maslesvinyes.com\/wp-content\/uploads\/2025\/11\/PDC-2026-15-dies-CAS-300x300.jpg 300w, https:\/\/www.maslesvinyes.com\/wp-content\/uploads\/2025\/11\/PDC-2026-15-dies-CAS-150x150.jpg 150w, https:\/\/www.maslesvinyes.com\/wp-content\/uploads\/2025\/11\/PDC-2026-15-dies-CAS-768x768.jpg 768w, https:\/\/www.maslesvinyes.com\/wp-content\/uploads\/2025\/11\/PDC-2026-15-dies-CAS-350x350.jpg 350w, https:\/\/www.maslesvinyes.com\/wp-content\/uploads\/2025\/11\/PDC-2026-15-dies-CAS-348x348.jpg 348w, https:\/\/www.maslesvinyes.com\/wp-content\/uploads\/2025\/11\/PDC-2026-15-dies-CAS-500x500.jpg 500w, https:\/\/www.maslesvinyes.com\/wp-content\/uploads\/2025\/11\/PDC-2026-15-dies-CAS.jpg 1080w\" sizes=\"(max-width: 300px) 100vw, 300px\" \/><\/a><\/div>\r\n            <div class=\"mec-event-content\">\r\n                                    <div class=\"mec-event-date mec-bg-color\">27 junio 2026<span class=\"mec-end-date-label\"> - 12 julio 2026<\/span><\/div>\r\n                                <h4 class=\"mec-event-title\"><a class=\"mec-color-hover\" data-event-id=\"79087\" href=\"https:\/\/www.maslesvinyes.com\/es\/events\/pdc-curso-de-permacultura-de-15-dias-de-junio-y-julio-con-todo-incluido\/\">PDC Curso de Permacultura de 15 d\u00edas de junio y julio con todo inclu\u00eddo<\/a><span class=\"event-color\" style=\"background: #fdd700\"><\/span><\/h4>\r\n                <p><\/p>\r\n            <\/div>\r\n            <div class=\"mec-event-footer\">\r\n                <ul class=\"mec-event-sharing-wrap\">\r\n                    <li class=\"mec-event-share\">\r\n                        <a href=\"#\" class=\"mec-event-share-icon\">\r\n                            <i class=\"mec-sl-share\"><\/i>\r\n                        <\/a>\r\n                    <\/li>\r\n                    <ul class=\"mec-event-sharing\"><\/ul>\r\n                <\/ul>\r\n                <a class=\"mec-booking-button\" data-event-id=\"79087\" href=\"https:\/\/www.maslesvinyes.com\/es\/events\/pdc-curso-de-permacultura-de-15-dias-de-junio-y-julio-con-todo-incluido\/\" target=\"_self\">Ver detalle<\/a>\r\n            <\/div>\r\n        <\/article><\/div>                <div class=\"col-md-6 col-sm-6\"><article class=\"mec-event-article mec-clear\">                    <div class=\"mec-event-image\"><a href=\"https:\/\/www.maslesvinyes.com\/es\/events\/cdp-curso-de-diseno-en-permacultura-y-agricultura-regenerativa-verano-2026-de-21-dias-formacion-con-pension-completa\/\"><img decoding=\"async\" width=\"300\" height=\"300\" src=\"https:\/\/www.maslesvinyes.com\/wp-content\/uploads\/2025\/11\/PDC-2026-21-dies-300x300.jpg\" class=\"attachment-medium size-medium wp-post-image\" alt=\"\" data-mec-postid=\"79077\" srcset=\"https:\/\/www.maslesvinyes.com\/wp-content\/uploads\/2025\/11\/PDC-2026-21-dies-300x300.jpg 300w, https:\/\/www.maslesvinyes.com\/wp-content\/uploads\/2025\/11\/PDC-2026-21-dies-150x150.jpg 150w, https:\/\/www.maslesvinyes.com\/wp-content\/uploads\/2025\/11\/PDC-2026-21-dies-768x768.jpg 768w, https:\/\/www.maslesvinyes.com\/wp-content\/uploads\/2025\/11\/PDC-2026-21-dies-350x350.jpg 350w, https:\/\/www.maslesvinyes.com\/wp-content\/uploads\/2025\/11\/PDC-2026-21-dies-348x348.jpg 348w, https:\/\/www.maslesvinyes.com\/wp-content\/uploads\/2025\/11\/PDC-2026-21-dies-500x500.jpg 500w, https:\/\/www.maslesvinyes.com\/wp-content\/uploads\/2025\/11\/PDC-2026-21-dies.jpg 1080w\" sizes=\"(max-width: 300px) 100vw, 300px\" \/><\/a><\/div>\r\n            <div class=\"mec-event-content\">\r\n                                    <div class=\"mec-event-date mec-bg-color\">15 agosto 2026<span class=\"mec-end-date-label\"> - 04 septiembre 2026<\/span><\/div>\r\n                                <h4 class=\"mec-event-title\"><a class=\"mec-color-hover\" data-event-id=\"79077\" href=\"https:\/\/www.maslesvinyes.com\/es\/events\/cdp-curso-de-diseno-en-permacultura-y-agricultura-regenerativa-verano-2026-de-21-dias-formacion-con-pension-completa\/\">CDP \u2013 Curso de Dise\u00f1o en Permacultura y Agricultura Regenerativa Verano 2026 de 21 d\u00edas &#8211; Formaci\u00f3n con pensi\u00f3n completa<\/a><span class=\"event-color\" style=\"background: #fdd700\"><\/span><\/h4>\r\n                <p><\/p>\r\n            <\/div>\r\n            <div class=\"mec-event-footer\">\r\n                <ul class=\"mec-event-sharing-wrap\">\r\n                    <li class=\"mec-event-share\">\r\n                        <a href=\"#\" class=\"mec-event-share-icon\">\r\n                            <i class=\"mec-sl-share\"><\/i>\r\n                        <\/a>\r\n                    <\/li>\r\n                    <ul class=\"mec-event-sharing\"><\/ul>\r\n                <\/ul>\r\n                <a class=\"mec-booking-button\" data-event-id=\"79077\" href=\"https:\/\/www.maslesvinyes.com\/es\/events\/cdp-curso-de-diseno-en-permacultura-y-agricultura-regenerativa-verano-2026-de-21-dias-formacion-con-pension-completa\/\" target=\"_self\">Ver detalle<\/a>\r\n            <\/div>\r\n        <\/article><\/div><\/div>                \t<\/div>\r\n<\/div>    <\/div>\r\n    <div class=\"mec-skin-grid-no-events-container mec-util-hidden\" id=\"mec_skin_no_events_76473\">\r\n        No hay eventos!    <\/div>\r\n        \r\n        \r\n<\/div>\r\n[\/vc_column_text][\/vc_column][\/vc_row][vc_row][vc_column width=\u00bb1\/1&#8243;][vc_column_text uncode_shortcode_id=\u00bb746789&#8243;]Si lo prefieres, tambi\u00e9n puedes optar por venir a conocer el proyecto y ver c\u00f3mo es una granja dise\u00f1ada con criterios de permacultura. A continuaci\u00f3n tienes el listado de las pr\u00f3ximas visitas guiadas que hacemos en Les Vinyes.[\/vc_column_text][vc_column_text uncode_shortcode_id=\u00bb792350&#8243;]<div class=\"mec-wrap mec-skin-grid-container \" id=\"mec_skin_73760\">\r\n    \r\n        \r\n        <div class=\"mec-skin-grid-events-container\" id=\"mec_skin_events_73760\">\r\n        No hay eventos!    <\/div>\r\n        \r\n        \r\n<\/div>\r\n[\/vc_column_text][\/vc_column][\/vc_row]<\/p>\n<\/div>","protected":false},"excerpt":{"rendered":"<p>[vc_row][vc_column][vc_column_text uncode_shortcode_id=\u00bb934845&#8243;]En el proyecto de Mas Les Vinyes ofrecemos formaciones regulares en permacultura y otras disciplinas. Estas formaciones est\u00e1n reconocidas [&hellip;]<\/p>\n","protected":false},"author":1,"featured_media":74983,"parent":0,"menu_order":0,"comment_status":"closed","ping_status":"closed","template":"","meta":{"footnotes":""},"class_list":["post-76466","page","type-page","status-publish","has-post-thumbnail","hentry"],"_links":{"self":[{"href":"https:\/\/www.maslesvinyes.com\/es\/wp-json\/wp\/v2\/pages\/76466","targetHints":{"allow":["GET"]}}],"collection":[{"href":"https:\/\/www.maslesvinyes.com\/es\/wp-json\/wp\/v2\/pages"}],"about":[{"href":"https:\/\/www.maslesvinyes.com\/es\/wp-json\/wp\/v2\/types\/page"}],"author":[{"embeddable":true,"href":"https:\/\/www.maslesvinyes.com\/es\/wp-json\/wp\/v2\/users\/1"}],"replies":[{"embeddable":true,"href":"https:\/\/www.maslesvinyes.com\/es\/wp-json\/wp\/v2\/comments?post=76466"}],"version-history":[{"count":0,"href":"https:\/\/www.maslesvinyes.com\/es\/wp-json\/wp\/v2\/pages\/76466\/revisions"}],"wp:featuredmedia":[{"embeddable":true,"href":"https:\/\/www.maslesvinyes.com\/es\/wp-json\/wp\/v2\/media\/74983"}],"wp:attachment":[{"href":"https:\/\/www.maslesvinyes.com\/es\/wp-json\/wp\/v2\/media?parent=76466"}],"curies":[{"name":"wp","href":"https:\/\/api.w.org\/{rel}","templated":true}]}}