{"id":76502,"date":"2023-03-20T08:23:52","date_gmt":"2023-03-20T08:23:52","guid":{"rendered":"https:\/\/www.maslesvinyes.com\/?page_id=76502"},"modified":"2024-12-30T07:28:37","modified_gmt":"2024-12-30T07:28:37","slug":"curso-de-huerto-bajo-la-mirada-de-la-permacultura","status":"publish","type":"page","link":"https:\/\/www.maslesvinyes.com\/es\/agenda\/curso-de-huerto-bajo-la-mirada-de-la-permacultura\/","title":{"rendered":"Curso de huerto bajo la mirada de la permacultura"},"content":{"rendered":"<p>Tenemos colgado en nuestro canal de YouTube un curso gratuito sobre huertas permaculturales, sin labrar y con la mirada puesta en la regeneraci\u00f3n de los suelos. Durante el confinamiento del Covid-19 estuvimos haciendo algunos videos para compartir c\u00f3mo cultivamos en Les Vinyes y pod\u00e9is verlos gratuitamente y hacer vuestros comentarios.<\/p>\n<h3>M\u00f3dulo 1: Fertilidad, asociaciones y rotaciones entre hortalizas y flores auxiliares<\/h3>\n<p>En este primer m\u00f3dulo hablaremos de la fertilidad, las asociaciones y rotaciones entre hortalizas y tambi\u00e9n flores<\/p>\n<h3><div class=\"lyte-wrapper fourthree\" title=\"Curso de huerto ecol&oacute;gico: fertilidad, asociaciones y rotaciones - m&oacute;dulo 1\" style=\"width:640px;max-width:100%;margin:5px;\"><div class=\"lyMe\" id=\"WYL_5P2pGi4HgUQ\" itemprop=\"video\" itemscope itemtype=\"https:\/\/schema.org\/VideoObject\"><div><meta itemprop=\"thumbnailUrl\" content=\"https:\/\/www.maslesvinyes.com\/wp-content\/plugins\/wp-youtube-lyte\/lyteCache.php?origThumbUrl=https%3A%2F%2Fi.ytimg.com%2Fvi%2F5P2pGi4HgUQ%2Fhqdefault.jpg\" \/><meta itemprop=\"embedURL\" content=\"https:\/\/www.youtube.com\/embed\/5P2pGi4HgUQ\" \/><meta itemprop=\"duration\" content=\"PT46M3S\" \/><meta itemprop=\"uploadDate\" content=\"2020-03-23T05:18:25Z\" \/><\/div><meta itemprop=\"accessibilityFeature\" content=\"captions\" \/><div id=\"lyte_5P2pGi4HgUQ\" data-src=\"https:\/\/www.maslesvinyes.com\/wp-content\/plugins\/wp-youtube-lyte\/lyteCache.php?origThumbUrl=https%3A%2F%2Fi.ytimg.com%2Fvi%2F5P2pGi4HgUQ%2Fhqdefault.jpg\" class=\"pL\"><div class=\"tC\"><div class=\"tT\" itemprop=\"name\">Curso de huerto ecol\u00f3gico: fertilidad, asociaciones y rotaciones - m\u00f3dulo 1<\/div><\/div><div class=\"play\"><\/div><div class=\"ctrl\"><div class=\"Lctrl\"><\/div><div class=\"Rctrl\"><\/div><\/div><\/div><noscript><a href=\"https:\/\/youtu.be\/5P2pGi4HgUQ\" rel=\"nofollow noopener\"><img decoding=\"async\" src=\"https:\/\/www.maslesvinyes.com\/wp-content\/plugins\/wp-youtube-lyte\/lyteCache.php?origThumbUrl=https%3A%2F%2Fi.ytimg.com%2Fvi%2F5P2pGi4HgUQ%2F0.jpg\" alt=\"Curso de huerto ecol&oacute;gico: fertilidad, asociaciones y rotaciones - m&oacute;dulo 1\" width=\"640\" height=\"460\" \/><br \/>Ver este v\u00eddeo en YouTube<\/a><\/noscript><meta itemprop=\"description\" content=\"Volvemos a repetir el taller online de huertas productivas bajo la mirada de la permacultura. En este primer m\u00f3dulo hablaremos de la fertilidad, las asociaciones y rotaciones entre hortalizas y tambi\u00e9n flores. Si ten\u00e9is dudas, por favor dejarlas en los comentarios del video y las iremos respondiendo. \u00a1Gracias! \u00cdndice 0:00 Introducci\u00f3n al curso y al m\u00f3dulo I 0:50 Entender el ecosistema huerta 7:48 Dise\u00f1o el huerto 12:30 Las familias de las plantas del huerto 22:15 Rotaciones de plantas en el huerto 30:34 Asociaciones de cultivos CURSO ONLINE SOBRE HUERTO PERMACULTURAL M\u00f3dulo 1: Fertilidad, asociaciones y rotaciones https:\/\/youtu.be\/5P2pGi4HgUQ M\u00f3dulo 2: No labrado, bancales y plagas y hongos https:\/\/youtu.be\/nrpr3Q16i_g M\u00f3dulo 3: Dudas sobre el primer m\u00f3dulo de fertilidad, asociaciones y rotaciones https:\/\/youtu.be\/yZWEH352pzY M\u00f3dulo 4: Rotaciones de los cultivos b\u00e1sicos para nuestra autosuficiencia de la Zona 2 https:\/\/youtu.be\/7xW9KvvXHkQ\"><\/div><\/div><div class=\"lL\" style=\"max-width:100%;width:640px;margin:5px;\"><\/div><\/h3>\n<p><strong>\u00cdndice de contenidos del v\u00eddeo<\/strong><br \/>\n0:00 Introducci\u00f3n al curso y al m\u00f3dulo I<br \/>\n0:50 Entender el ecosistema huerta<br \/>\n7:48 Dise\u00f1o el huerto<br \/>\n12:30 Las familias de las plantas del huerto<br \/>\n22:15 Rotaciones de plantas en el huerto<br \/>\n30:34 Asociaciones de cultivos<\/p>\n<h3>M\u00f3dulo 2: No labrado, bancales, plagas y hongos<\/h3>\n<p>En este segundo taller profundizamos en la fertilidad y la teor\u00eda de las 3Ms, la sanidad vegetal mediante el equilibrio de la savia de la planta y qu\u00e9 remedios usar para las plagas y hongos. Finalmente un apartado sobre c\u00f3mo crear bancales sin labrado.<\/p>\n<div class=\"lyte-wrapper fourthree\" title=\"Curso huerto ecol&oacute;gico: No labrado, bancales, plagas y hongos - m&oacute;d.2\" style=\"width:640px;max-width:100%;margin:5px;\"><div class=\"lyMe\" id=\"WYL_nrpr3Q16i_g\" itemprop=\"video\" itemscope itemtype=\"https:\/\/schema.org\/VideoObject\"><div><meta itemprop=\"thumbnailUrl\" content=\"https:\/\/www.maslesvinyes.com\/wp-content\/plugins\/wp-youtube-lyte\/lyteCache.php?origThumbUrl=https%3A%2F%2Fi.ytimg.com%2Fvi%2Fnrpr3Q16i_g%2Fhqdefault.jpg\" \/><meta itemprop=\"embedURL\" content=\"https:\/\/www.youtube.com\/embed\/nrpr3Q16i_g\" \/><meta itemprop=\"duration\" content=\"PT24M54S\" \/><meta itemprop=\"uploadDate\" content=\"2020-04-13T14:38:53Z\" \/><\/div><meta itemprop=\"accessibilityFeature\" content=\"captions\" \/><div id=\"lyte_nrpr3Q16i_g\" data-src=\"https:\/\/www.maslesvinyes.com\/wp-content\/plugins\/wp-youtube-lyte\/lyteCache.php?origThumbUrl=https%3A%2F%2Fi.ytimg.com%2Fvi%2Fnrpr3Q16i_g%2Fhqdefault.jpg\" class=\"pL\"><div class=\"tC\"><div class=\"tT\" itemprop=\"name\">Curso huerto ecol\u00f3gico: No labrado, bancales, plagas y hongos - m\u00f3d.2<\/div><\/div><div class=\"play\"><\/div><div class=\"ctrl\"><div class=\"Lctrl\"><\/div><div class=\"Rctrl\"><\/div><\/div><\/div><noscript><a href=\"https:\/\/youtu.be\/nrpr3Q16i_g\" rel=\"nofollow noopener\"><img decoding=\"async\" src=\"https:\/\/www.maslesvinyes.com\/wp-content\/plugins\/wp-youtube-lyte\/lyteCache.php?origThumbUrl=https%3A%2F%2Fi.ytimg.com%2Fvi%2Fnrpr3Q16i_g%2F0.jpg\" alt=\"Curso huerto ecol&oacute;gico: No labrado, bancales, plagas y hongos - m&oacute;d.2\" width=\"640\" height=\"460\" \/><br \/>Ver este v\u00eddeo en YouTube<\/a><\/noscript><meta itemprop=\"description\" content=\"Volvemos con el segundo m\u00f3dulo sobre el curso online de huerto ecol\u00f3gico bajo la mirada permacultural. En este segundo taller profundizamos en la fertilidad y la teor\u00eda de las 3Ms, la sanidad vegetal mediante el equilibrio de la savia de la planta y qu\u00e9 remedios usar para las plagas y hongos. Finalmente un apartado sobre c\u00f3mo crear bancales sin labrado. Como siempre, dudas y sugerencias aqu\u00ed abajo. Gracias! \u00cdndice 0:00 Bienvenida 0:49 Fertilidad en el huerto. Trofobiosis y la teor\u00eda de las 3Ms 8:40 Preparaci\u00f3n de bancales 15:42 Prevenci\u00f3n de enfermedades en los cultivos CURSO ONLINE SOBRE HUERTO PERMACULTURAL M\u00f3dulo 1: Fertilidad, asociaciones y rotaciones https:\/\/youtu.be\/5P2pGi4HgUQ M\u00f3dulo 2: No labrado, bancales y plagas y hongos https:\/\/youtu.be\/nrpr3Q16i_g M\u00f3dulo 3: Dudas sobre el primer m\u00f3dulo de fertilidad, asociaciones y rotaciones https:\/\/youtu.be\/yZWEH352pzY M\u00f3dulo 4: Rotaciones de los cultivos b\u00e1sicos para nuestra autosuficiencia de la Zona 2 https:\/\/youtu.be\/7xW9KvvXHkQ\"><\/div><\/div><div class=\"lL\" style=\"max-width:100%;width:640px;margin:5px;\"><\/div><br \/>\n<strong>\u00cdndice<\/strong><br \/>\n0:00 Bienvenida<br \/>\n0:49 Fertilidad en el huerto. Trofobiosis y la teor\u00eda de las 3Ms<br \/>\n8:40 Preparaci\u00f3n de bancales<br \/>\n15:42 Prevenci\u00f3n de enfermedades en los cultivos<\/p>\n<h3>M\u00f3dulo 3: V\u00eddeo sobre las dudas que surgieron del primer m\u00f3dulo<\/h3>\n<div class=\"lyte-wrapper fourthree\" title=\"Dudas sobre el curso de huerto ecol&oacute;gico - m&oacute;dulo 1\" style=\"width:640px;max-width:100%;margin:5px;\"><div class=\"lyMe\" id=\"WYL_yZWEH352pzY\" itemprop=\"video\" itemscope itemtype=\"https:\/\/schema.org\/VideoObject\"><div><meta itemprop=\"thumbnailUrl\" content=\"https:\/\/www.maslesvinyes.com\/wp-content\/plugins\/wp-youtube-lyte\/lyteCache.php?origThumbUrl=https%3A%2F%2Fi.ytimg.com%2Fvi%2FyZWEH352pzY%2Fhqdefault.jpg\" \/><meta itemprop=\"embedURL\" content=\"https:\/\/www.youtube.com\/embed\/yZWEH352pzY\" \/><meta itemprop=\"duration\" content=\"PT26M27S\" \/><meta itemprop=\"uploadDate\" content=\"2020-03-25T20:27:29Z\" \/><\/div><meta itemprop=\"accessibilityFeature\" content=\"captions\" \/><div id=\"lyte_yZWEH352pzY\" data-src=\"https:\/\/www.maslesvinyes.com\/wp-content\/plugins\/wp-youtube-lyte\/lyteCache.php?origThumbUrl=https%3A%2F%2Fi.ytimg.com%2Fvi%2FyZWEH352pzY%2Fhqdefault.jpg\" class=\"pL\"><div class=\"tC\"><div class=\"tT\" itemprop=\"name\">Dudas sobre el curso de huerto ecol\u00f3gico - m\u00f3dulo 1<\/div><\/div><div class=\"play\"><\/div><div class=\"ctrl\"><div class=\"Lctrl\"><\/div><div class=\"Rctrl\"><\/div><\/div><\/div><noscript><a href=\"https:\/\/youtu.be\/yZWEH352pzY\" rel=\"nofollow noopener\"><img decoding=\"async\" src=\"https:\/\/www.maslesvinyes.com\/wp-content\/plugins\/wp-youtube-lyte\/lyteCache.php?origThumbUrl=https%3A%2F%2Fi.ytimg.com%2Fvi%2FyZWEH352pzY%2F0.jpg\" alt=\"Dudas sobre el curso de huerto ecol&oacute;gico - m&oacute;dulo 1\" width=\"640\" height=\"460\" \/><br \/>Ver este v\u00eddeo en YouTube<\/a><\/noscript><meta itemprop=\"description\" content=\"V\u00eddeo sobre las dudas que surgieron del primer m\u00f3dulo. \u00cdndice 0:00 Introducci\u00f3n 0:40 - Ejemplos de rotaciones a lo largo de 3 a\u00f1os 11:30 - Acolchados, caracoles y babosas 15:55 - Agricultura natural, sin rotaciones ni labranza 20:17 - Diferencias entre plantas C3 y C4 24:10 - Futura fertilizaci\u00f3n cuando asociamos familias CURSO ONLINE SOBRE HUERTO PERMACULTURAL M\u00f3dulo 1: Fertilidad, asociaciones y rotaciones https:\/\/youtu.be\/5P2pGi4HgUQ M\u00f3dulo 2: No labrado, bancales y plagas y hongos https:\/\/youtu.be\/nrpr3Q16i_g M\u00f3dulo 3: Dudas sobre el primer m\u00f3dulo de fertilidad, asociaciones y rotaciones https:\/\/youtu.be\/yZWEH352pzY M\u00f3dulo 4: Rotaciones de los cultivos b\u00e1sicos para nuestra autosuficiencia de la Zona 2 https:\/\/youtu.be\/7xW9KvvXHkQ\"><\/div><\/div><div class=\"lL\" style=\"max-width:100%;width:640px;margin:5px;\"><\/div>\n<p><strong>\u00cdndice<\/strong><br \/>\n0:00 Introducci\u00f3n<br \/>\n0:40 &#8211; Ejemplos de rotaciones a lo largo de 3 a\u00f1os<br \/>\n11:30 &#8211; Acolchados, caracoles y babosas<br \/>\n15:55 &#8211; Agricultura natural, sin rotaciones ni labranza<br \/>\n20:17 &#8211; Diferencias entre plantas C3 y C4<br \/>\n24:10 &#8211; Futura fertilizaci\u00f3n cuando asociamos familias<\/p>\n<h3>M\u00f3dulo 4 &#8211; Rotaci\u00f3n de cultivos en el huerto ecol\u00f3gico: ejemplos y asociaciones<\/h3>\n<p>Este es un video t\u00e9cnico para aquellas personas que quieran profundizar en la rotaci\u00f3n y manejo de los cultivos extensivos que puedan servir como base de nuestra alimentaci\u00f3n: ma\u00edz, jud\u00eda, haba, guisante, calabaza, etc. Todos estos alimentos pueden almacenarse en seco y sirven como la base de nuestra dieta. Hemos obviado cultivos poco productivos como garbanzos o lentejas y hemos puesto \u00e9nfasis en el trabajo no mecanizado y la mejora del suelo.<\/p>\n<div class=\"lyte-wrapper fourthree\" title=\"Rotaci&oacute;n de cultivos en el huerto ecol&oacute;gico: ejemplos y asociaciones\" style=\"width:640px;max-width:100%;margin:5px;\"><div class=\"lyMe\" id=\"WYL_7xW9KvvXHkQ\" itemprop=\"video\" itemscope itemtype=\"https:\/\/schema.org\/VideoObject\"><div><meta itemprop=\"thumbnailUrl\" content=\"https:\/\/www.maslesvinyes.com\/wp-content\/plugins\/wp-youtube-lyte\/lyteCache.php?origThumbUrl=https%3A%2F%2Fi.ytimg.com%2Fvi%2F7xW9KvvXHkQ%2Fhqdefault.jpg\" \/><meta itemprop=\"embedURL\" content=\"https:\/\/www.youtube.com\/embed\/7xW9KvvXHkQ\" \/><meta itemprop=\"duration\" content=\"PT14M3S\" \/><meta itemprop=\"uploadDate\" content=\"2020-08-22T12:44:15Z\" \/><\/div><meta itemprop=\"accessibilityFeature\" content=\"captions\" \/><div id=\"lyte_7xW9KvvXHkQ\" data-src=\"https:\/\/www.maslesvinyes.com\/wp-content\/plugins\/wp-youtube-lyte\/lyteCache.php?origThumbUrl=https%3A%2F%2Fi.ytimg.com%2Fvi%2F7xW9KvvXHkQ%2Fhqdefault.jpg\" class=\"pL\"><div class=\"tC\"><div class=\"tT\" itemprop=\"name\">Rotaci\u00f3n de cultivos en el huerto ecol\u00f3gico: ejemplos y asociaciones<\/div><\/div><div class=\"play\"><\/div><div class=\"ctrl\"><div class=\"Lctrl\"><\/div><div class=\"Rctrl\"><\/div><\/div><\/div><noscript><a href=\"https:\/\/youtu.be\/7xW9KvvXHkQ\" rel=\"nofollow noopener\"><img decoding=\"async\" src=\"https:\/\/www.maslesvinyes.com\/wp-content\/plugins\/wp-youtube-lyte\/lyteCache.php?origThumbUrl=https%3A%2F%2Fi.ytimg.com%2Fvi%2F7xW9KvvXHkQ%2F0.jpg\" alt=\"Rotaci&oacute;n de cultivos en el huerto ecol&oacute;gico: ejemplos y asociaciones\" width=\"640\" height=\"460\" \/><br \/>Ver este v\u00eddeo en YouTube<\/a><\/noscript><meta itemprop=\"description\" content=\"Este es un video t\u00e9cnico para aquellas personas que quieran profundizar en la rotaci\u00f3n y manejo de los cultivos extensivos que puedan servir como base de nuestra alimentaci\u00f3n: ma\u00edz, jud\u00eda, haba, guisante, calabaza, etc. Todos estos alimentos pueden almacenarse en seco y sirven como la base de nuestra dieta. Hemos obviado cultivos poco productivos como garbanzos o lentejas y hemos puesto \u00e9nfasis en el trabajo no mecanizado y la mejora del suelo. \u00cdndice 0:00 Bienvenida 1:13 Rotaciones y asociaciones en extensivo 4:54 Rotaciones en 5 a\u00f1os CURSO ONLINE SOBRE HUERTO PERMACULTURAL M\u00f3dulo 1: Fertilidad, asociaciones y rotaciones https:\/\/youtu.be\/5P2pGi4HgUQ M\u00f3dulo 2: No labrado, bancales y plagas y hongos https:\/\/youtu.be\/nrpr3Q16i_g M\u00f3dulo 3: Dudas sobre el primer m\u00f3dulo de fertilidad, asociaciones y rotaciones https:\/\/youtu.be\/yZWEH352pzY M\u00f3dulo 4: Rotaciones de los cultivos b\u00e1sicos para nuestra autosuficiencia de la Zona 2 https:\/\/youtu.be\/7xW9KvvXHkQ\"><\/div><\/div><div class=\"lL\" style=\"max-width:100%;width:640px;margin:5px;\"><\/div>\n<p><strong>\u00cdndice<\/strong><br \/>\n0:00 Bienvenida<br \/>\n1:13 Rotaciones y asociaciones en extensivo<br \/>\n4:54 Rotaciones en 5 a\u00f1os<\/p>\n","protected":false},"excerpt":{"rendered":"<p>Tenemos colgado en nuestro canal de YouTube un curso gratuito sobre huertas permaculturales, sin labrar y con la mirada puesta [&hellip;]<\/p>\n","protected":false},"author":1,"featured_media":76231,"parent":898,"menu_order":0,"comment_status":"closed","ping_status":"closed","template":"","meta":{"footnotes":""},"class_list":["post-76502","page","type-page","status-publish","has-post-thumbnail","hentry"],"_links":{"self":[{"href":"https:\/\/www.maslesvinyes.com\/es\/wp-json\/wp\/v2\/pages\/76502","targetHints":{"allow":["GET"]}}],"collection":[{"href":"https:\/\/www.maslesvinyes.com\/es\/wp-json\/wp\/v2\/pages"}],"about":[{"href":"https:\/\/www.maslesvinyes.com\/es\/wp-json\/wp\/v2\/types\/page"}],"author":[{"embeddable":true,"href":"https:\/\/www.maslesvinyes.com\/es\/wp-json\/wp\/v2\/users\/1"}],"replies":[{"embeddable":true,"href":"https:\/\/www.maslesvinyes.com\/es\/wp-json\/wp\/v2\/comments?post=76502"}],"version-history":[{"count":1,"href":"https:\/\/www.maslesvinyes.com\/es\/wp-json\/wp\/v2\/pages\/76502\/revisions"}],"predecessor-version":[{"id":77876,"href":"https:\/\/www.maslesvinyes.com\/es\/wp-json\/wp\/v2\/pages\/76502\/revisions\/77876"}],"up":[{"embeddable":true,"href":"https:\/\/www.maslesvinyes.com\/es\/wp-json\/wp\/v2\/pages\/898"}],"wp:featuredmedia":[{"embeddable":true,"href":"https:\/\/www.maslesvinyes.com\/es\/wp-json\/wp\/v2\/media\/76231"}],"wp:attachment":[{"href":"https:\/\/www.maslesvinyes.com\/es\/wp-json\/wp\/v2\/media?parent=76502"}],"curies":[{"name":"wp","href":"https:\/\/api.w.org\/{rel}","templated":true}]}}