{"id":77272,"date":"2024-12-16T06:53:35","date_gmt":"2024-12-16T06:53:35","guid":{"rendered":"https:\/\/www.maslesvinyes.com\/?page_id=77272"},"modified":"2024-12-31T07:20:53","modified_gmt":"2024-12-31T07:20:53","slug":"servicios","status":"publish","type":"page","link":"https:\/\/www.maslesvinyes.com\/es\/servicios\/","title":{"rendered":"Servicios"},"content":{"rendered":"<div class=\"wpb-content-wrapper\"><p>[vc_row row_height_percent=\u00bb0&#8243; override_padding=\u00bbyes\u00bb h_padding=\u00bb2&#8243; top_padding=\u00bb2&#8243; bottom_padding=\u00bb0&#8243; overlay_alpha=\u00bb50&#8243; gutter_size=\u00bb3&#8243; column_width_percent=\u00bb100&#8243; shift_y=\u00bb0&#8243; z_index=\u00bb0&#8243; content_parallax=\u00bb0&#8243; uncode_shortcode_id=\u00bb561901&#8243;][vc_column width=\u00bb1\/4&#8243;][\/vc_column][vc_column width=\u00bb1\/2&#8243;][vc_custom_heading uncode_shortcode_id=\u00bb208960&#8243;]Servicio de asesoramiento en agricultura regenerativa y permacultura[\/vc_custom_heading][vc_column_text uncode_shortcode_id=\u00bb112491&#8243;]Ofrecemos asesoramiento profesional en permacultura y agricultura regenerativa, destacando en las \u00e1reas del dise\u00f1o eficiente de fincas y granjas, gesti\u00f3n de la energ\u00eda, manejo hol\u00edstico de animales, cultivos extensivos y huerta biointensiva y natural.[\/vc_column_text][\/vc_column][vc_column width=\u00bb1\/4&#8243;][\/vc_column][\/vc_row][vc_row][vc_column column_width_percent=\u00bb100&#8243; align_horizontal=\u00bbalign_center\u00bb gutter_size=\u00bb3&#8243; overlay_alpha=\u00bb50&#8243; shift_x=\u00bb0&#8243; shift_y=\u00bb0&#8243; shift_y_down=\u00bb0&#8243; z_index=\u00bb0&#8243; medium_width=\u00bb0&#8243; mobile_width=\u00bb0&#8243; width=\u00bb1\/1&#8243; uncode_shortcode_id=\u00bb404733&#8243;][vc_button button_color=\u00bbaccent\u00bb border_width=\u00bb0&#8243; link=\u00bburl:https%3A%2F%2Fwww.maslesvinyes.com%2Fserveis%2Fassessorament-en-agricultura-regenerativa-i-permacultura%2F|title:Assessorament%20en%20agricultura%20regenerativa%20i%20permacultura\u00bb button_color_type=\u00bbuncode-palette\u00bb uncode_shortcode_id=\u00bb617489&#8243;]Asesoramiento en agricultura regenerativa y permacultura[\/vc_button][\/vc_column][\/vc_row]<\/p>\n<\/div>","protected":false},"excerpt":{"rendered":"<p>[vc_row row_height_percent=\u00bb0&#8243; override_padding=\u00bbyes\u00bb h_padding=\u00bb2&#8243; top_padding=\u00bb2&#8243; bottom_padding=\u00bb0&#8243; overlay_alpha=\u00bb50&#8243; gutter_size=\u00bb3&#8243; column_width_percent=\u00bb100&#8243; shift_y=\u00bb0&#8243; z_index=\u00bb0&#8243; content_parallax=\u00bb0&#8243; uncode_shortcode_id=\u00bb561901&#8243;][vc_column width=\u00bb1\/4&#8243;][\/vc_column][vc_column width=\u00bb1\/2&#8243;][vc_custom_heading uncode_shortcode_id=\u00bb208960&#8243;]Servicio de asesoramiento en agricultura [&hellip;]<\/p>\n","protected":false},"author":1,"featured_media":77503,"parent":0,"menu_order":0,"comment_status":"closed","ping_status":"closed","template":"","meta":{"footnotes":""},"class_list":["post-77272","page","type-page","status-publish","has-post-thumbnail","hentry"],"_links":{"self":[{"href":"https:\/\/www.maslesvinyes.com\/es\/wp-json\/wp\/v2\/pages\/77272","targetHints":{"allow":["GET"]}}],"collection":[{"href":"https:\/\/www.maslesvinyes.com\/es\/wp-json\/wp\/v2\/pages"}],"about":[{"href":"https:\/\/www.maslesvinyes.com\/es\/wp-json\/wp\/v2\/types\/page"}],"author":[{"embeddable":true,"href":"https:\/\/www.maslesvinyes.com\/es\/wp-json\/wp\/v2\/users\/1"}],"replies":[{"embeddable":true,"href":"https:\/\/www.maslesvinyes.com\/es\/wp-json\/wp\/v2\/comments?post=77272"}],"version-history":[{"count":4,"href":"https:\/\/www.maslesvinyes.com\/es\/wp-json\/wp\/v2\/pages\/77272\/revisions"}],"predecessor-version":[{"id":77903,"href":"https:\/\/www.maslesvinyes.com\/es\/wp-json\/wp\/v2\/pages\/77272\/revisions\/77903"}],"wp:featuredmedia":[{"embeddable":true,"href":"https:\/\/www.maslesvinyes.com\/es\/wp-json\/wp\/v2\/media\/77503"}],"wp:attachment":[{"href":"https:\/\/www.maslesvinyes.com\/es\/wp-json\/wp\/v2\/media?parent=77272"}],"curies":[{"name":"wp","href":"https:\/\/api.w.org\/{rel}","templated":true}]}}