{"id":78421,"date":"2025-01-20T05:54:04","date_gmt":"2025-01-20T05:54:04","guid":{"rendered":"https:\/\/www.maslesvinyes.com\/?page_id=78421"},"modified":"2025-01-20T05:54:04","modified_gmt":"2025-01-20T05:54:04","slug":"recursos","status":"publish","type":"page","link":"https:\/\/www.maslesvinyes.com\/es\/recursos\/","title":{"rendered":"Recursos sobre permacultura y agricultura regenerativa"},"content":{"rendered":"<div class=\"wpb-content-wrapper\"><p>[vc_row row_height_percent=\u00bb50&#8243; override_padding=\u00bbyes\u00bb h_padding=\u00bb2&#8243; top_padding=\u00bb2&#8243; bottom_padding=\u00bb2&#8243; overlay_alpha=\u00bb50&#8243; gutter_size=\u00bb4&#8243; column_width_percent=\u00bb100&#8243; shift_y=\u00bb0&#8243; z_index=\u00bb0&#8243; content_parallax=\u00bb0&#8243; el_class=\u00bbinverted-device-order\u00bb uncode_shortcode_id=\u00bb136325&#8243;][vc_column column_width_use_pixel=\u00bbyes\u00bb position_vertical=\u00bbmiddle\u00bb gutter_size=\u00bb3&#8243; overlay_alpha=\u00bb50&#8243; shift_x=\u00bb0&#8243; shift_y=\u00bb0&#8243; shift_y_down=\u00bb0&#8243; z_index=\u00bb0&#8243; medium_width=\u00bb0&#8243; mobile_width=\u00bb0&#8243; width=\u00bb1\/2&#8243; column_width_pixel=\u00bb900&#8243;][vc_custom_heading heading_semantic=\u00bbh3&#8243; text_size=\u00bbfontsize-155944&#8243; subheading=\u00bbCAPAS es un proceso de dise\u00f1o de permacultura social en permacultura que hemos desarrollado en Mas Les Vinyes. Sirve para dise\u00f1ar tu resiliencia personal mediante un proceso acompa\u00f1ado que hemos publicado. \u00a1Esperamos que te sirva!\u00bb uncode_shortcode_id=\u00bb146329&#8243;]Permacultura Social CAPAS[\/vc_custom_heading][vc_button button_color=\u00bbaccent\u00bb border_width=\u00bb0&#8243; link=\u00bburl:https%3A%2F%2Fwww.maslesvinyes.com%2Fes%2Frecursos%2Fcapas-proceso-de-diseno-de-permacultura-social%2F|title:CAPAS%20%E2%80%93%20Proc%C3%A9s%20de%20disseny%20de%20permacultura%20social\u00bb button_color_type=\u00bbuncode-palette\u00bb uncode_shortcode_id=\u00bb165348&#8243;]Ver el proceso de Dise\u00f1o CAPAS[\/vc_button][\/vc_column][vc_column width=\u00bb1\/2&#8243;][vc_single_image media=\u00bb76488&#8243; media_width_percent=\u00bb100&#8243; uncode_shortcode_id=\u00bb852133&#8243;][\/vc_column][\/vc_row][vc_row row_height_percent=\u00bb50&#8243; override_padding=\u00bbyes\u00bb h_padding=\u00bb2&#8243; top_padding=\u00bb2&#8243; bottom_padding=\u00bb5&#8243; overlay_alpha=\u00bb50&#8243; gutter_size=\u00bb4&#8243; column_width_percent=\u00bb100&#8243; shift_y=\u00bb0&#8243; z_index=\u00bb0&#8243;][vc_column width=\u00bb1\/2&#8243;][vc_single_image media=\u00bb77037&#8243; media_width_percent=\u00bb100&#8243; media_ratio=\u00bbfour-three\u00bb uncode_shortcode_id=\u00bb276661&#8243;][\/vc_column][vc_column column_width_use_pixel=\u00bbyes\u00bb position_vertical=\u00bbmiddle\u00bb gutter_size=\u00bb3&#8243; overlay_alpha=\u00bb50&#8243; shift_x=\u00bb0&#8243; shift_y=\u00bb0&#8243; shift_y_down=\u00bb0&#8243; z_index=\u00bb0&#8243; medium_width=\u00bb0&#8243; mobile_width=\u00bb0&#8243; width=\u00bb1\/2&#8243; column_width_pixel=\u00bb900&#8243;][vc_custom_heading heading_semantic=\u00bbh3&#8243; text_size=\u00bbfontsize-155944&#8243; subheading=\u00bbUna recopilaci\u00f3n de videos explicando el proceso de la huerta bajo la mirada de la permacultura, compartiendo asociaciones, rotaciones, empezar un huerto y mucho m\u00e1s.\u00bb uncode_shortcode_id=\u00bb199848&#8243;]La huerta en permacultura[\/vc_custom_heading][vc_button button_color=\u00bbaccent\u00bb border_width=\u00bb0&#8243; link=\u00bburl:https%3A%2F%2Fwww.maslesvinyes.com%2Fes%2Fagenda%2Fcurso-de-huerto-bajo-la-mirada-de-la-permacultura%2F\u00bb button_color_type=\u00bbuncode-palette\u00bb uncode_shortcode_id=\u00bb783565&#8243;]El huerto en permacultura[\/vc_button][\/vc_column][\/vc_row][vc_row row_height_percent=\u00bb0&#8243; override_padding=\u00bbyes\u00bb h_padding=\u00bb2&#8243; top_padding=\u00bb2&#8243; bottom_padding=\u00bb5&#8243; back_color=\u00bbcolor-gyho\u00bb overlay_alpha=\u00bb50&#8243; gutter_size=\u00bb2&#8243; column_width_percent=\u00bb100&#8243; shift_y=\u00bb0&#8243; z_index=\u00bb0&#8243; content_parallax=\u00bb0&#8243; uncode_shortcode_id=\u00bb210570&#8243; back_color_type=\u00bbuncode-palette\u00bb][vc_column column_width_percent=\u00bb100&#8243; gutter_size=\u00bb0&#8243; overlay_alpha=\u00bb50&#8243; shift_x=\u00bb0&#8243; shift_y=\u00bb0&#8243; shift_y_down=\u00bb0&#8243; z_index=\u00bb0&#8243; medium_width=\u00bb0&#8243; mobile_width=\u00bb0&#8243; width=\u00bb1\/1&#8243; uncode_shortcode_id=\u00bb146209&#8243;][vc_custom_heading text_font=\u00bbfont-202503&#8243; text_size=\u00bbh1&#8243; separator_color=\u00bbyes\u00bb heading_display=\u00bbinline\u00bb separator=\u00bbyes\u00bb uncode_shortcode_id=\u00bb821941&#8243;]Recursos de nuestro blog[\/vc_custom_heading][uncode_index el_id=\u00bbindex-533966790&#8243; isotope_mode=\u00bbfitRows\u00bb loop=\u00bbsize:6|order_by:date|post_type:post|categories:584|taxonomy_count:10&#8243; auto_query=\u00bbyes\u00bb screen_lg=\u00bb1000&#8243; screen_md=\u00bb600&#8243; screen_sm=\u00bb480&#8243; gutter_size=\u00bb3&#8243; post_items=\u00bbmedia|featured|onpost|poster,title,text|full|250,spacer|one\u00bb images_size=\u00bbthree-two\u00bb single_back_color=\u00bbcolor-xsdn\u00bb single_shape=\u00bbround\u00bb single_overlay_color=\u00bbcolor-wayh\u00bb single_overlay_opacity=\u00bb50&#8243; single_text_visible=\u00bbyes\u00bb single_text_anim=\u00bbno\u00bb single_padding=\u00bb2&#8243; single_title_dimension=\u00bbh3&#8243; single_border=\u00bbyes\u00bb uncode_shortcode_id=\u00bb140122&#8243;][\/vc_column][\/vc_row]<\/p>\n<\/div>","protected":false},"excerpt":{"rendered":"<p>[vc_row row_height_percent=\u00bb50&#8243; override_padding=\u00bbyes\u00bb h_padding=\u00bb2&#8243; top_padding=\u00bb2&#8243; bottom_padding=\u00bb2&#8243; overlay_alpha=\u00bb50&#8243; gutter_size=\u00bb4&#8243; column_width_percent=\u00bb100&#8243; shift_y=\u00bb0&#8243; z_index=\u00bb0&#8243; content_parallax=\u00bb0&#8243; el_class=\u00bbinverted-device-order\u00bb uncode_shortcode_id=\u00bb136325&#8243;][vc_column column_width_use_pixel=\u00bbyes\u00bb position_vertical=\u00bbmiddle\u00bb gutter_size=\u00bb3&#8243; overlay_alpha=\u00bb50&#8243; shift_x=\u00bb0&#8243; shift_y=\u00bb0&#8243; [&hellip;]<\/p>\n","protected":false},"author":1,"featured_media":78334,"parent":0,"menu_order":0,"comment_status":"closed","ping_status":"closed","template":"","meta":{"footnotes":""},"class_list":["post-78421","page","type-page","status-publish","has-post-thumbnail","hentry"],"_links":{"self":[{"href":"https:\/\/www.maslesvinyes.com\/es\/wp-json\/wp\/v2\/pages\/78421","targetHints":{"allow":["GET"]}}],"collection":[{"href":"https:\/\/www.maslesvinyes.com\/es\/wp-json\/wp\/v2\/pages"}],"about":[{"href":"https:\/\/www.maslesvinyes.com\/es\/wp-json\/wp\/v2\/types\/page"}],"author":[{"embeddable":true,"href":"https:\/\/www.maslesvinyes.com\/es\/wp-json\/wp\/v2\/users\/1"}],"replies":[{"embeddable":true,"href":"https:\/\/www.maslesvinyes.com\/es\/wp-json\/wp\/v2\/comments?post=78421"}],"version-history":[{"count":2,"href":"https:\/\/www.maslesvinyes.com\/es\/wp-json\/wp\/v2\/pages\/78421\/revisions"}],"predecessor-version":[{"id":78423,"href":"https:\/\/www.maslesvinyes.com\/es\/wp-json\/wp\/v2\/pages\/78421\/revisions\/78423"}],"wp:featuredmedia":[{"embeddable":true,"href":"https:\/\/www.maslesvinyes.com\/es\/wp-json\/wp\/v2\/media\/78334"}],"wp:attachment":[{"href":"https:\/\/www.maslesvinyes.com\/es\/wp-json\/wp\/v2\/media?parent=78421"}],"curies":[{"name":"wp","href":"https:\/\/api.w.org\/{rel}","templated":true}]}}